{"id":12,"date":"2013-04-08T21:15:37","date_gmt":"2013-04-08T19:15:37","guid":{"rendered":"http:\/\/emg-movers.com\/nl\/?page_id=12"},"modified":"2015-12-21T09:19:58","modified_gmt":"2015-12-21T08:19:58","slug":"meer-dan-verhuizen","status":"publish","type":"page","link":"http:\/\/emg-movers.com\/nl\/meer-dan-verhuizen\/","title":{"rendered":"Meer dan verhuizen"},"content":{"rendered":"<h2>U wilt meer dan verhuizen!<\/h2>\n<p>Binnen de EMG zijn 4 groepen verhuisbedrijven actief:<\/p>\n<ul>\n<li>Lepanto &#8211; Grupo Lepanto met hoofdkantoor in Barcelona (ES)<\/li>\n<li>CNT \u2013 Consorzio Nazionale Traslocatori met hoofdkantoor in Milaan (I)<\/li>\n<li>Les Gentlemen du D\u00e9m\u00e9nagement met hoofdkantoor in Mont\u00e9limar (F)<\/li>\n<li>Mondial Movers met hoofdkantoor in Alblasserdam (NL)<\/li>\n<\/ul>\n<p>Het is aan u om de voor u passende verhuispartner te kiezen!<\/p>\n<p>Kies ons voor:<\/p>\n<ul>\n<li>Internationaal verhuizen<\/li>\n<li>Verhuizen buitenland<\/li>\n<li>Verhuizen binnen Nederland<\/li>\n<li>Verhuizen binnen Itali\u00eb<\/li>\n<li>Verhuizen binnen Frankrijk<\/li>\n<li>Verhuizen binnen Spanje<\/li>\n<li>Internationaal verhuisbedrijf<\/li>\n<\/ul>\n","protected":false},"excerpt":{"rendered":"<p>U wilt meer dan verhuizen! Binnen de EMG zijn 4 groepen verhuisbedrijven actief: Lepanto &#8211; Grupo Lepanto met hoofdkantoor in Barcelona (ES) CNT \u2013 Consorzio Nazionale Traslocatori met hoofdkantoor in Milaan (I) Les Gentlemen du D\u00e9m\u00e9nagement met hoofdkantoor in Mont\u00e9limar (F) Mondial Movers met hoofdkantoor in Alblasserdam (NL) Het is aan u om de voor [&hellip;]<\/p>\n","protected":false},"author":1,"featured_media":0,"parent":0,"menu_order":0,"comment_status":"closed","ping_status":"closed","template":"","meta":{"_acf_changed":false,"footnotes":""},"class_list":["post-12","page","type-page","status-publish","hentry"],"acf":[],"yoast_head":"<!-- This site is optimized with the Yoast SEO plugin v24.6 - https:\/\/yoast.com\/wordpress\/plugins\/seo\/ -->\n<title>Meer dan verhuizen - EMG (Nederland)<\/title>\n<meta name=\"description\" content=\"U wilt meer dan verhuizen! Binnen de EMG zijn 4 groepen verhuisbedrijven actief:\" \/>\n<meta name=\"robots\" content=\"index, follow, max-snippet:-1, max-image-preview:large, max-video-preview:-1\" \/>\n<link rel=\"canonical\" href=\"http:\/\/emg-movers.com\/nl\/meer-dan-verhuizen\/\" \/>\n<script type=\"application\/ld+json\" class=\"yoast-schema-graph\">{\"@context\":\"https:\/\/schema.org\",\"@graph\":[{\"@type\":\"WebPage\",\"@id\":\"http:\/\/emg-movers.com\/nl\/meer-dan-verhuizen\/\",\"url\":\"http:\/\/emg-movers.com\/nl\/meer-dan-verhuizen\/\",\"name\":\"Meer dan verhuizen - EMG (Nederland)\",\"isPartOf\":{\"@id\":\"https:\/\/emg-movers.com\/nl\/#website\"},\"datePublished\":\"2013-04-08T19:15:37+00:00\",\"dateModified\":\"2015-12-21T08:19:58+00:00\",\"description\":\"U wilt meer dan verhuizen! Binnen de EMG zijn 4 groepen verhuisbedrijven actief:\",\"inLanguage\":\"nl-NL\",\"potentialAction\":[{\"@type\":\"ReadAction\",\"target\":[\"http:\/\/emg-movers.com\/nl\/meer-dan-verhuizen\/\"]}]},{\"@type\":\"WebSite\",\"@id\":\"https:\/\/emg-movers.com\/nl\/#website\",\"url\":\"https:\/\/emg-movers.com\/nl\/\",\"name\":\"EMG (Nederland)\",\"description\":\"European Moving Group\",\"potentialAction\":[{\"@type\":\"SearchAction\",\"target\":{\"@type\":\"EntryPoint\",\"urlTemplate\":\"https:\/\/emg-movers.com\/nl\/?s={search_term_string}\"},\"query-input\":{\"@type\":\"PropertyValueSpecification\",\"valueRequired\":true,\"valueName\":\"search_term_string\"}}],\"inLanguage\":\"nl-NL\"}]}<\/script>\n<!-- \/ Yoast SEO plugin. -->","yoast_head_json":{"title":"Meer dan verhuizen - EMG (Nederland)","description":"U wilt meer dan verhuizen! Binnen de EMG zijn 4 groepen verhuisbedrijven actief:","robots":{"index":"index","follow":"follow","max-snippet":"max-snippet:-1","max-image-preview":"max-image-preview:large","max-video-preview":"max-video-preview:-1"},"canonical":"http:\/\/emg-movers.com\/nl\/meer-dan-verhuizen\/","schema":{"@context":"https:\/\/schema.org","@graph":[{"@type":"WebPage","@id":"http:\/\/emg-movers.com\/nl\/meer-dan-verhuizen\/","url":"http:\/\/emg-movers.com\/nl\/meer-dan-verhuizen\/","name":"Meer dan verhuizen - EMG (Nederland)","isPartOf":{"@id":"https:\/\/emg-movers.com\/nl\/#website"},"datePublished":"2013-04-08T19:15:37+00:00","dateModified":"2015-12-21T08:19:58+00:00","description":"U wilt meer dan verhuizen! Binnen de EMG zijn 4 groepen verhuisbedrijven actief:","inLanguage":"nl-NL","potentialAction":[{"@type":"ReadAction","target":["http:\/\/emg-movers.com\/nl\/meer-dan-verhuizen\/"]}]},{"@type":"WebSite","@id":"https:\/\/emg-movers.com\/nl\/#website","url":"https:\/\/emg-movers.com\/nl\/","name":"EMG (Nederland)","description":"European Moving Group","potentialAction":[{"@type":"SearchAction","target":{"@type":"EntryPoint","urlTemplate":"https:\/\/emg-movers.com\/nl\/?s={search_term_string}"},"query-input":{"@type":"PropertyValueSpecification","valueRequired":true,"valueName":"search_term_string"}}],"inLanguage":"nl-NL"}]}},"_links":{"self":[{"href":"http:\/\/emg-movers.com\/nl\/wp-json\/wp\/v2\/pages\/12","targetHints":{"allow":["GET"]}}],"collection":[{"href":"http:\/\/emg-movers.com\/nl\/wp-json\/wp\/v2\/pages"}],"about":[{"href":"http:\/\/emg-movers.com\/nl\/wp-json\/wp\/v2\/types\/page"}],"author":[{"embeddable":true,"href":"http:\/\/emg-movers.com\/nl\/wp-json\/wp\/v2\/users\/1"}],"replies":[{"embeddable":true,"href":"http:\/\/emg-movers.com\/nl\/wp-json\/wp\/v2\/comments?post=12"}],"version-history":[{"count":10,"href":"http:\/\/emg-movers.com\/nl\/wp-json\/wp\/v2\/pages\/12\/revisions"}],"predecessor-version":[{"id":107,"href":"http:\/\/emg-movers.com\/nl\/wp-json\/wp\/v2\/pages\/12\/revisions\/107"}],"wp:attachment":[{"href":"http:\/\/emg-movers.com\/nl\/wp-json\/wp\/v2\/media?parent=12"}],"curies":[{"name":"wp","href":"https:\/\/api.w.org\/{rel}","templated":true}]}}