{"id":59,"date":"2013-09-02T13:25:05","date_gmt":"2013-09-02T11:25:05","guid":{"rendered":"http:\/\/emg-movers.com\/de\/?page_id=59"},"modified":"2015-12-21T09:35:28","modified_gmt":"2015-12-21T08:35:28","slug":"umzuege-plus","status":"publish","type":"page","link":"https:\/\/emg-movers.com\/de\/umzuege-plus\/","title":{"rendered":"Umzug Plus \u2026"},"content":{"rendered":"<p>Folgende jeweils nationale Umzugs-Kooperationen sind in der EMG aktiv:<\/p>\n<ul>\n<li>Lepanto \u2013 Grupo Lepanto mit Hauptsitz in Barcelona(ES)<\/li>\n<li>CNT \u2013 Consorzio Nazionale Traslocatori mit Hauptsitz in Mailand (I)<\/li>\n<li>Les Gentlemen du D\u00e9m\u00e9nagement mit Hauptsitz in Mont\u00e9limar (F)<\/li>\n<li>Mondial Movers mit Hauptsitz in Alblasserdam (NL)<\/li>\n<\/ul>\n<p>W\u00e4hlen Sie die geeignete internationale Umzugsfirma f\u00fcr Ihr Vorhaben.<\/p>\n<p>Entscheiden Sie sich f\u00fcr einen Partner f\u00fcr Ihr<\/p>\n<ul>\n<li>internationale Umzug<\/li>\n<li>Umz\u00fcge ins Ausland<\/li>\n<li>Umz\u00fcge in den Niederlanden\/Holland<\/li>\n<li>Umz\u00fcge in Italien<\/li>\n<li>Umz\u00fcge in Frankreich<\/li>\n<li>Umz\u00fcge in Spanien<\/li>\n<\/ul>\n","protected":false},"excerpt":{"rendered":"<p>Folgende jeweils nationale Umzugs-Kooperationen sind in der EMG aktiv: Lepanto \u2013 Grupo Lepanto mit Hauptsitz in Barcelona(ES) CNT \u2013 Consorzio Nazionale Traslocatori mit Hauptsitz in Mailand (I) Les Gentlemen du D\u00e9m\u00e9nagement mit Hauptsitz in Mont\u00e9limar (F) Mondial Movers mit Hauptsitz in Alblasserdam (NL) W\u00e4hlen Sie die geeignete internationale Umzugsfirma f\u00fcr Ihr Vorhaben. Entscheiden Sie sich [&hellip;]<\/p>\n","protected":false},"author":1,"featured_media":0,"parent":0,"menu_order":0,"comment_status":"closed","ping_status":"closed","template":"","meta":{"_acf_changed":false,"footnotes":""},"class_list":["post-59","page","type-page","status-publish","hentry"],"acf":[],"yoast_head":"<!-- This site is optimized with the Yoast SEO plugin v24.6 - https:\/\/yoast.com\/wordpress\/plugins\/seo\/ -->\n<title>Umzug Plus \u2026 - EMG (Deutschland)<\/title>\n<meta name=\"description\" content=\"Entscheiden Sie sich f\u00fcr einen Partner f\u00fcr Ihr internationale Umzug Umz\u00fcge ins Ausland Umz\u00fcge in den Niederlanden\/Holland Umz\u00fcge in Italien Umz\u00fcge in Frankreich Umz\u00fcge in Spanien\" \/>\n<meta name=\"robots\" content=\"index, follow, max-snippet:-1, max-image-preview:large, max-video-preview:-1\" \/>\n<link rel=\"canonical\" href=\"https:\/\/emg-movers.com\/de\/umzuege-plus\/\" \/>\n<script type=\"application\/ld+json\" class=\"yoast-schema-graph\">{\"@context\":\"https:\/\/schema.org\",\"@graph\":[{\"@type\":\"WebPage\",\"@id\":\"https:\/\/emg-movers.com\/de\/umzuege-plus\/\",\"url\":\"https:\/\/emg-movers.com\/de\/umzuege-plus\/\",\"name\":\"Umzug Plus \u2026 - EMG (Deutschland)\",\"isPartOf\":{\"@id\":\"https:\/\/emg-movers.com\/de\/#website\"},\"datePublished\":\"2013-09-02T11:25:05+00:00\",\"dateModified\":\"2015-12-21T08:35:28+00:00\",\"description\":\"Entscheiden Sie sich f\u00fcr einen Partner f\u00fcr Ihr internationale Umzug Umz\u00fcge ins Ausland Umz\u00fcge in den Niederlanden\/Holland Umz\u00fcge in Italien Umz\u00fcge in Frankreich Umz\u00fcge in Spanien\",\"inLanguage\":\"de\",\"potentialAction\":[{\"@type\":\"ReadAction\",\"target\":[\"https:\/\/emg-movers.com\/de\/umzuege-plus\/\"]}]},{\"@type\":\"WebSite\",\"@id\":\"https:\/\/emg-movers.com\/de\/#website\",\"url\":\"https:\/\/emg-movers.com\/de\/\",\"name\":\"EMG (Deutschland)\",\"description\":\"European Moving Group\",\"publisher\":{\"@id\":\"https:\/\/emg-movers.com\/de\/#organization\"},\"potentialAction\":[{\"@type\":\"SearchAction\",\"target\":{\"@type\":\"EntryPoint\",\"urlTemplate\":\"https:\/\/emg-movers.com\/de\/?s={search_term_string}\"},\"query-input\":{\"@type\":\"PropertyValueSpecification\",\"valueRequired\":true,\"valueName\":\"search_term_string\"}}],\"inLanguage\":\"de\"},{\"@type\":\"Organization\",\"@id\":\"https:\/\/emg-movers.com\/de\/#organization\",\"name\":\"Mondial Movers International\",\"url\":\"https:\/\/emg-movers.com\/de\/\",\"logo\":{\"@type\":\"ImageObject\",\"inLanguage\":\"de\",\"@id\":\"https:\/\/emg-movers.com\/de\/#\/schema\/logo\/image\/\",\"url\":\"http:\/\/emg-movers.com\/de\/wp-content\/uploads\/sites\/4\/2017\/06\/EMGkoptekst140x67.jpg\",\"contentUrl\":\"http:\/\/emg-movers.com\/de\/wp-content\/uploads\/sites\/4\/2017\/06\/EMGkoptekst140x67.jpg\",\"width\":140,\"height\":67,\"caption\":\"Mondial Movers International\"},\"image\":{\"@id\":\"https:\/\/emg-movers.com\/de\/#\/schema\/logo\/image\/\"},\"sameAs\":[\"https:\/\/nl-nl.facebook.com\/MondialMoversNederland\/\",\"https:\/\/x.com\/mondialmovers\",\"https:\/\/www.linkedin.com\/company\/mondial-movers\",\"https:\/\/nl.pinterest.com\/mondialmovers\/\",\"https:\/\/www.youtube.com\/user\/MondialMoversVideo\"]}]}<\/script>\n<!-- \/ Yoast SEO plugin. -->","yoast_head_json":{"title":"Umzug Plus \u2026 - EMG (Deutschland)","description":"Entscheiden Sie sich f\u00fcr einen Partner f\u00fcr Ihr internationale Umzug Umz\u00fcge ins Ausland Umz\u00fcge in den Niederlanden\/Holland Umz\u00fcge in Italien Umz\u00fcge in Frankreich Umz\u00fcge in Spanien","robots":{"index":"index","follow":"follow","max-snippet":"max-snippet:-1","max-image-preview":"max-image-preview:large","max-video-preview":"max-video-preview:-1"},"canonical":"https:\/\/emg-movers.com\/de\/umzuege-plus\/","schema":{"@context":"https:\/\/schema.org","@graph":[{"@type":"WebPage","@id":"https:\/\/emg-movers.com\/de\/umzuege-plus\/","url":"https:\/\/emg-movers.com\/de\/umzuege-plus\/","name":"Umzug Plus \u2026 - EMG (Deutschland)","isPartOf":{"@id":"https:\/\/emg-movers.com\/de\/#website"},"datePublished":"2013-09-02T11:25:05+00:00","dateModified":"2015-12-21T08:35:28+00:00","description":"Entscheiden Sie sich f\u00fcr einen Partner f\u00fcr Ihr internationale Umzug Umz\u00fcge ins Ausland Umz\u00fcge in den Niederlanden\/Holland Umz\u00fcge in Italien Umz\u00fcge in Frankreich Umz\u00fcge in Spanien","inLanguage":"de","potentialAction":[{"@type":"ReadAction","target":["https:\/\/emg-movers.com\/de\/umzuege-plus\/"]}]},{"@type":"WebSite","@id":"https:\/\/emg-movers.com\/de\/#website","url":"https:\/\/emg-movers.com\/de\/","name":"EMG (Deutschland)","description":"European Moving Group","publisher":{"@id":"https:\/\/emg-movers.com\/de\/#organization"},"potentialAction":[{"@type":"SearchAction","target":{"@type":"EntryPoint","urlTemplate":"https:\/\/emg-movers.com\/de\/?s={search_term_string}"},"query-input":{"@type":"PropertyValueSpecification","valueRequired":true,"valueName":"search_term_string"}}],"inLanguage":"de"},{"@type":"Organization","@id":"https:\/\/emg-movers.com\/de\/#organization","name":"Mondial Movers International","url":"https:\/\/emg-movers.com\/de\/","logo":{"@type":"ImageObject","inLanguage":"de","@id":"https:\/\/emg-movers.com\/de\/#\/schema\/logo\/image\/","url":"http:\/\/emg-movers.com\/de\/wp-content\/uploads\/sites\/4\/2017\/06\/EMGkoptekst140x67.jpg","contentUrl":"http:\/\/emg-movers.com\/de\/wp-content\/uploads\/sites\/4\/2017\/06\/EMGkoptekst140x67.jpg","width":140,"height":67,"caption":"Mondial Movers International"},"image":{"@id":"https:\/\/emg-movers.com\/de\/#\/schema\/logo\/image\/"},"sameAs":["https:\/\/nl-nl.facebook.com\/MondialMoversNederland\/","https:\/\/x.com\/mondialmovers","https:\/\/www.linkedin.com\/company\/mondial-movers","https:\/\/nl.pinterest.com\/mondialmovers\/","https:\/\/www.youtube.com\/user\/MondialMoversVideo"]}]}},"_links":{"self":[{"href":"https:\/\/emg-movers.com\/de\/wp-json\/wp\/v2\/pages\/59","targetHints":{"allow":["GET"]}}],"collection":[{"href":"https:\/\/emg-movers.com\/de\/wp-json\/wp\/v2\/pages"}],"about":[{"href":"https:\/\/emg-movers.com\/de\/wp-json\/wp\/v2\/types\/page"}],"author":[{"embeddable":true,"href":"https:\/\/emg-movers.com\/de\/wp-json\/wp\/v2\/users\/1"}],"replies":[{"embeddable":true,"href":"https:\/\/emg-movers.com\/de\/wp-json\/wp\/v2\/comments?post=59"}],"version-history":[{"count":5,"href":"https:\/\/emg-movers.com\/de\/wp-json\/wp\/v2\/pages\/59\/revisions"}],"predecessor-version":[{"id":86,"href":"https:\/\/emg-movers.com\/de\/wp-json\/wp\/v2\/pages\/59\/revisions\/86"}],"wp:attachment":[{"href":"https:\/\/emg-movers.com\/de\/wp-json\/wp\/v2\/media?parent=59"}],"curies":[{"name":"wp","href":"https:\/\/api.w.org\/{rel}","templated":true}]}}