{"id":6,"date":"2013-09-02T11:09:39","date_gmt":"2013-09-02T11:09:39","guid":{"rendered":"http:\/\/emg-movers.com\/de\/?page_id=6"},"modified":"2016-02-23T12:18:14","modified_gmt":"2016-02-23T11:18:14","slug":"die-european-moving-group","status":"publish","type":"page","link":"https:\/\/emg-movers.com\/de\/","title":{"rendered":"Die European Moving Group"},"content":{"rendered":"<p>Die European Moving Group ist eine der gr\u00f6\u00dften Umzugs-Kooperationen in Europa. Etablierte und zertifizierte Unternehmen aus 13 europ\u00e4ischen Staaten garantieren f\u00fcr erfolgreiche Umz\u00fcge. National und international.<\/p>\n<p>Wenn Sie sich f\u00fcr ein Umzugsunternehmen der EMG entscheiden, erhalten Sie Top-Qualit\u00e4t zu attraktiven Konditionen. Hohe Qualit\u00e4t entsteht durch stetige Schulungen und gute Ausbildung der Mitarbeiter und Planer \u2013 samt Zertifizierung. Als Einkaufsgemeinschaft ist die EMG in der Lage, Kosten zu reduzieren.<\/p>\n","protected":false},"excerpt":{"rendered":"<p>Die European Moving Group ist eine der gr\u00f6\u00dften Umzugs-Kooperationen in Europa. Etablierte und zertifizierte Unternehmen aus 13 europ\u00e4ischen Staaten garantieren f\u00fcr erfolgreiche Umz\u00fcge. National und international. Wenn Sie sich f\u00fcr ein Umzugsunternehmen der EMG entscheiden, erhalten Sie Top-Qualit\u00e4t zu attraktiven Konditionen. Hohe Qualit\u00e4t entsteht durch stetige Schulungen und gute Ausbildung der Mitarbeiter und Planer \u2013 [&hellip;]<\/p>\n","protected":false},"author":1,"featured_media":0,"parent":0,"menu_order":0,"comment_status":"closed","ping_status":"closed","template":"page-templates\/front-page.php","meta":{"_acf_changed":false,"footnotes":""},"class_list":["post-6","page","type-page","status-publish","hentry"],"acf":[],"yoast_head":"<!-- This site is optimized with the Yoast SEO plugin v24.6 - https:\/\/yoast.com\/wordpress\/plugins\/seo\/ -->\n<title>Die European Moving Group - EMG (Deutschland)<\/title>\n<meta name=\"robots\" content=\"index, follow, max-snippet:-1, max-image-preview:large, max-video-preview:-1\" \/>\n<link rel=\"canonical\" href=\"https:\/\/emg-movers.com\/de\/\" \/>\n<script type=\"application\/ld+json\" class=\"yoast-schema-graph\">{\"@context\":\"https:\/\/schema.org\",\"@graph\":[{\"@type\":\"WebPage\",\"@id\":\"https:\/\/emg-movers.com\/de\/\",\"url\":\"https:\/\/emg-movers.com\/de\/\",\"name\":\"Die European Moving Group - EMG (Deutschland)\",\"isPartOf\":{\"@id\":\"https:\/\/emg-movers.com\/de\/#website\"},\"datePublished\":\"2013-09-02T11:09:39+00:00\",\"dateModified\":\"2016-02-23T11:18:14+00:00\",\"inLanguage\":\"de\",\"potentialAction\":[{\"@type\":\"ReadAction\",\"target\":[\"https:\/\/emg-movers.com\/de\/\"]}]},{\"@type\":\"WebSite\",\"@id\":\"https:\/\/emg-movers.com\/de\/#website\",\"url\":\"https:\/\/emg-movers.com\/de\/\",\"name\":\"EMG (Deutschland)\",\"description\":\"European Moving Group\",\"publisher\":{\"@id\":\"https:\/\/emg-movers.com\/de\/#organization\"},\"potentialAction\":[{\"@type\":\"SearchAction\",\"target\":{\"@type\":\"EntryPoint\",\"urlTemplate\":\"https:\/\/emg-movers.com\/de\/?s={search_term_string}\"},\"query-input\":{\"@type\":\"PropertyValueSpecification\",\"valueRequired\":true,\"valueName\":\"search_term_string\"}}],\"inLanguage\":\"de\"},{\"@type\":\"Organization\",\"@id\":\"https:\/\/emg-movers.com\/de\/#organization\",\"name\":\"Mondial Movers International\",\"url\":\"https:\/\/emg-movers.com\/de\/\",\"logo\":{\"@type\":\"ImageObject\",\"inLanguage\":\"de\",\"@id\":\"https:\/\/emg-movers.com\/de\/#\/schema\/logo\/image\/\",\"url\":\"http:\/\/emg-movers.com\/de\/wp-content\/uploads\/sites\/4\/2017\/06\/EMGkoptekst140x67.jpg\",\"contentUrl\":\"http:\/\/emg-movers.com\/de\/wp-content\/uploads\/sites\/4\/2017\/06\/EMGkoptekst140x67.jpg\",\"width\":140,\"height\":67,\"caption\":\"Mondial Movers International\"},\"image\":{\"@id\":\"https:\/\/emg-movers.com\/de\/#\/schema\/logo\/image\/\"},\"sameAs\":[\"https:\/\/nl-nl.facebook.com\/MondialMoversNederland\/\",\"https:\/\/x.com\/mondialmovers\",\"https:\/\/www.linkedin.com\/company\/mondial-movers\",\"https:\/\/nl.pinterest.com\/mondialmovers\/\",\"https:\/\/www.youtube.com\/user\/MondialMoversVideo\"]}]}<\/script>\n<!-- \/ Yoast SEO plugin. -->","yoast_head_json":{"title":"Die European Moving Group - EMG (Deutschland)","robots":{"index":"index","follow":"follow","max-snippet":"max-snippet:-1","max-image-preview":"max-image-preview:large","max-video-preview":"max-video-preview:-1"},"canonical":"https:\/\/emg-movers.com\/de\/","schema":{"@context":"https:\/\/schema.org","@graph":[{"@type":"WebPage","@id":"https:\/\/emg-movers.com\/de\/","url":"https:\/\/emg-movers.com\/de\/","name":"Die European Moving Group - EMG (Deutschland)","isPartOf":{"@id":"https:\/\/emg-movers.com\/de\/#website"},"datePublished":"2013-09-02T11:09:39+00:00","dateModified":"2016-02-23T11:18:14+00:00","inLanguage":"de","potentialAction":[{"@type":"ReadAction","target":["https:\/\/emg-movers.com\/de\/"]}]},{"@type":"WebSite","@id":"https:\/\/emg-movers.com\/de\/#website","url":"https:\/\/emg-movers.com\/de\/","name":"EMG (Deutschland)","description":"European Moving Group","publisher":{"@id":"https:\/\/emg-movers.com\/de\/#organization"},"potentialAction":[{"@type":"SearchAction","target":{"@type":"EntryPoint","urlTemplate":"https:\/\/emg-movers.com\/de\/?s={search_term_string}"},"query-input":{"@type":"PropertyValueSpecification","valueRequired":true,"valueName":"search_term_string"}}],"inLanguage":"de"},{"@type":"Organization","@id":"https:\/\/emg-movers.com\/de\/#organization","name":"Mondial Movers International","url":"https:\/\/emg-movers.com\/de\/","logo":{"@type":"ImageObject","inLanguage":"de","@id":"https:\/\/emg-movers.com\/de\/#\/schema\/logo\/image\/","url":"http:\/\/emg-movers.com\/de\/wp-content\/uploads\/sites\/4\/2017\/06\/EMGkoptekst140x67.jpg","contentUrl":"http:\/\/emg-movers.com\/de\/wp-content\/uploads\/sites\/4\/2017\/06\/EMGkoptekst140x67.jpg","width":140,"height":67,"caption":"Mondial Movers International"},"image":{"@id":"https:\/\/emg-movers.com\/de\/#\/schema\/logo\/image\/"},"sameAs":["https:\/\/nl-nl.facebook.com\/MondialMoversNederland\/","https:\/\/x.com\/mondialmovers","https:\/\/www.linkedin.com\/company\/mondial-movers","https:\/\/nl.pinterest.com\/mondialmovers\/","https:\/\/www.youtube.com\/user\/MondialMoversVideo"]}]}},"_links":{"self":[{"href":"https:\/\/emg-movers.com\/de\/wp-json\/wp\/v2\/pages\/6","targetHints":{"allow":["GET"]}}],"collection":[{"href":"https:\/\/emg-movers.com\/de\/wp-json\/wp\/v2\/pages"}],"about":[{"href":"https:\/\/emg-movers.com\/de\/wp-json\/wp\/v2\/types\/page"}],"author":[{"embeddable":true,"href":"https:\/\/emg-movers.com\/de\/wp-json\/wp\/v2\/users\/1"}],"replies":[{"embeddable":true,"href":"https:\/\/emg-movers.com\/de\/wp-json\/wp\/v2\/comments?post=6"}],"version-history":[{"count":2,"href":"https:\/\/emg-movers.com\/de\/wp-json\/wp\/v2\/pages\/6\/revisions"}],"predecessor-version":[{"id":89,"href":"https:\/\/emg-movers.com\/de\/wp-json\/wp\/v2\/pages\/6\/revisions\/89"}],"wp:attachment":[{"href":"https:\/\/emg-movers.com\/de\/wp-json\/wp\/v2\/media?parent=6"}],"curies":[{"name":"wp","href":"https:\/\/api.w.org\/{rel}","templated":true}]}}