{"id":61,"date":"2013-09-02T13:29:12","date_gmt":"2013-09-02T11:29:12","guid":{"rendered":"http:\/\/emg-movers.com\/de\/?page_id=61"},"modified":"2015-12-21T09:29:58","modified_gmt":"2015-12-21T08:29:58","slug":"ihr-partner","status":"publish","type":"page","link":"https:\/\/emg-movers.com\/de\/ihr-partner\/","title":{"rendered":"Ihr Partner Confern"},"content":{"rendered":"<h1><strong>Confern &#8211; Ihr Umzugspartner!.<\/strong><\/h1>\n<h2>confern &#8211; Ihr Partner f\u00fcr jeden Umzug<\/h2>\n<section id=\"c88\">\n<div>\n<p>Ein Umzug ist f\u00fcr den Einzelnen immer ein gro\u00dfes Unterfangen, mit uns aber kein Problem. Mit unserem Netzwerk von mehr als 60 gemeinschaftlich operierenden Partnern an \u00fcber 70 Standorten z\u00e4hlen wir sowohl zu den gr\u00f6\u00dften Umzugsunternehmen weltweit als auch zu den individuellsten, denn wir passen jeden Umzug exakt Ihren W\u00fcnschen und Bed\u00fcrfnissen an.<\/p>\n<\/div>\n<\/section>\n<section id=\"c82\">\n<div>\n<h2>Willkommen bei confern<\/h2>\n<\/div>\n<div>\n<p>Mit uns ziehen Sie in Ruhe um \u2013 und schnell wieder ein.<\/p>\n<p>Machen Sie es wie j\u00e4hrlich mehr als 40.000 Personen, Familien, Firmen und Verb\u00e4nde: Verlassen Sie sich auf das Know-how unserer weit \u00fcber 2.000 Mitarbeiterinnen und Mitarbeiter. Wir\u00a0k\u00fcmmern uns von der Planung im Vorfeld \u00fcber die Durchf\u00fchrung bis hin zur Qualit\u00e4tskontrolle nach dem Umzug um alle Belange Ihres Wohnort- bzw. Firmenwechsels.<\/p>\n<\/div>\n<\/section>\n<section id=\"c83\">\n<div>\n<h2>Umzugsservice im perfekten Dutzend<\/h2>\n<\/div>\n<div>\n<p>Durch unsere jahrzehntelange Erfahrung in Sachen Umzug haben wir ein modular aufgebautes Schritt-f\u00fcr-Schritt-System entwickelt, mit dem wir Ihnen maximalen Service bei minimalem Aufwand gew\u00e4hrleisten k\u00f6nnen.<\/p>\n<\/div>\n<\/section>\n","protected":false},"excerpt":{"rendered":"<p>Confern &#8211; Ihr Umzugspartner!. confern &#8211; Ihr Partner f\u00fcr jeden Umzug Ein Umzug ist f\u00fcr den Einzelnen immer ein gro\u00dfes Unterfangen, mit uns aber kein Problem. Mit unserem Netzwerk von mehr als 60 gemeinschaftlich operierenden Partnern an \u00fcber 70 Standorten z\u00e4hlen wir sowohl zu den gr\u00f6\u00dften Umzugsunternehmen weltweit als auch zu den individuellsten, denn wir [&hellip;]<\/p>\n","protected":false},"author":1,"featured_media":0,"parent":0,"menu_order":0,"comment_status":"closed","ping_status":"closed","template":"","meta":{"_acf_changed":false,"footnotes":""},"class_list":["post-61","page","type-page","status-publish","hentry"],"acf":[],"yoast_head":"<!-- This site is optimized with the Yoast SEO plugin v24.6 - https:\/\/yoast.com\/wordpress\/plugins\/seo\/ -->\n<title>Ihr Partner Confern - EMG (Deutschland)<\/title>\n<meta name=\"description\" content=\"confern - Ihr Partner f\u00fcr jeden Umzug Ein Umzug ist f\u00fcr den Einzelnen immer ein gro\u00dfes Unterfangen, mit uns aber kein Problem.\" \/>\n<meta name=\"robots\" content=\"index, follow, max-snippet:-1, max-image-preview:large, max-video-preview:-1\" \/>\n<link rel=\"canonical\" href=\"https:\/\/emg-movers.com\/de\/ihr-partner\/\" \/>\n<meta name=\"twitter:label1\" content=\"Gesch\u00e4tzte Lesezeit\" \/>\n\t<meta name=\"twitter:data1\" content=\"1\u00a0Minute\" \/>\n<script type=\"application\/ld+json\" class=\"yoast-schema-graph\">{\"@context\":\"https:\/\/schema.org\",\"@graph\":[{\"@type\":\"WebPage\",\"@id\":\"https:\/\/emg-movers.com\/de\/ihr-partner\/\",\"url\":\"https:\/\/emg-movers.com\/de\/ihr-partner\/\",\"name\":\"Ihr Partner Confern - EMG (Deutschland)\",\"isPartOf\":{\"@id\":\"https:\/\/emg-movers.com\/de\/#website\"},\"datePublished\":\"2013-09-02T11:29:12+00:00\",\"dateModified\":\"2015-12-21T08:29:58+00:00\",\"description\":\"confern - Ihr Partner f\u00fcr jeden Umzug Ein Umzug ist f\u00fcr den Einzelnen immer ein gro\u00dfes Unterfangen, mit uns aber kein Problem.\",\"inLanguage\":\"de\",\"potentialAction\":[{\"@type\":\"ReadAction\",\"target\":[\"https:\/\/emg-movers.com\/de\/ihr-partner\/\"]}]},{\"@type\":\"WebSite\",\"@id\":\"https:\/\/emg-movers.com\/de\/#website\",\"url\":\"https:\/\/emg-movers.com\/de\/\",\"name\":\"EMG (Deutschland)\",\"description\":\"European Moving Group\",\"publisher\":{\"@id\":\"https:\/\/emg-movers.com\/de\/#organization\"},\"potentialAction\":[{\"@type\":\"SearchAction\",\"target\":{\"@type\":\"EntryPoint\",\"urlTemplate\":\"https:\/\/emg-movers.com\/de\/?s={search_term_string}\"},\"query-input\":{\"@type\":\"PropertyValueSpecification\",\"valueRequired\":true,\"valueName\":\"search_term_string\"}}],\"inLanguage\":\"de\"},{\"@type\":\"Organization\",\"@id\":\"https:\/\/emg-movers.com\/de\/#organization\",\"name\":\"Mondial Movers International\",\"url\":\"https:\/\/emg-movers.com\/de\/\",\"logo\":{\"@type\":\"ImageObject\",\"inLanguage\":\"de\",\"@id\":\"https:\/\/emg-movers.com\/de\/#\/schema\/logo\/image\/\",\"url\":\"http:\/\/emg-movers.com\/de\/wp-content\/uploads\/sites\/4\/2017\/06\/EMGkoptekst140x67.jpg\",\"contentUrl\":\"http:\/\/emg-movers.com\/de\/wp-content\/uploads\/sites\/4\/2017\/06\/EMGkoptekst140x67.jpg\",\"width\":140,\"height\":67,\"caption\":\"Mondial Movers International\"},\"image\":{\"@id\":\"https:\/\/emg-movers.com\/de\/#\/schema\/logo\/image\/\"},\"sameAs\":[\"https:\/\/nl-nl.facebook.com\/MondialMoversNederland\/\",\"https:\/\/x.com\/mondialmovers\",\"https:\/\/www.linkedin.com\/company\/mondial-movers\",\"https:\/\/nl.pinterest.com\/mondialmovers\/\",\"https:\/\/www.youtube.com\/user\/MondialMoversVideo\"]}]}<\/script>\n<!-- \/ Yoast SEO plugin. -->","yoast_head_json":{"title":"Ihr Partner Confern - EMG (Deutschland)","description":"confern - Ihr Partner f\u00fcr jeden Umzug Ein Umzug ist f\u00fcr den Einzelnen immer ein gro\u00dfes Unterfangen, mit uns aber kein Problem.","robots":{"index":"index","follow":"follow","max-snippet":"max-snippet:-1","max-image-preview":"max-image-preview:large","max-video-preview":"max-video-preview:-1"},"canonical":"https:\/\/emg-movers.com\/de\/ihr-partner\/","twitter_misc":{"Gesch\u00e4tzte Lesezeit":"1\u00a0Minute"},"schema":{"@context":"https:\/\/schema.org","@graph":[{"@type":"WebPage","@id":"https:\/\/emg-movers.com\/de\/ihr-partner\/","url":"https:\/\/emg-movers.com\/de\/ihr-partner\/","name":"Ihr Partner Confern - EMG (Deutschland)","isPartOf":{"@id":"https:\/\/emg-movers.com\/de\/#website"},"datePublished":"2013-09-02T11:29:12+00:00","dateModified":"2015-12-21T08:29:58+00:00","description":"confern - Ihr Partner f\u00fcr jeden Umzug Ein Umzug ist f\u00fcr den Einzelnen immer ein gro\u00dfes Unterfangen, mit uns aber kein Problem.","inLanguage":"de","potentialAction":[{"@type":"ReadAction","target":["https:\/\/emg-movers.com\/de\/ihr-partner\/"]}]},{"@type":"WebSite","@id":"https:\/\/emg-movers.com\/de\/#website","url":"https:\/\/emg-movers.com\/de\/","name":"EMG (Deutschland)","description":"European Moving Group","publisher":{"@id":"https:\/\/emg-movers.com\/de\/#organization"},"potentialAction":[{"@type":"SearchAction","target":{"@type":"EntryPoint","urlTemplate":"https:\/\/emg-movers.com\/de\/?s={search_term_string}"},"query-input":{"@type":"PropertyValueSpecification","valueRequired":true,"valueName":"search_term_string"}}],"inLanguage":"de"},{"@type":"Organization","@id":"https:\/\/emg-movers.com\/de\/#organization","name":"Mondial Movers International","url":"https:\/\/emg-movers.com\/de\/","logo":{"@type":"ImageObject","inLanguage":"de","@id":"https:\/\/emg-movers.com\/de\/#\/schema\/logo\/image\/","url":"http:\/\/emg-movers.com\/de\/wp-content\/uploads\/sites\/4\/2017\/06\/EMGkoptekst140x67.jpg","contentUrl":"http:\/\/emg-movers.com\/de\/wp-content\/uploads\/sites\/4\/2017\/06\/EMGkoptekst140x67.jpg","width":140,"height":67,"caption":"Mondial Movers International"},"image":{"@id":"https:\/\/emg-movers.com\/de\/#\/schema\/logo\/image\/"},"sameAs":["https:\/\/nl-nl.facebook.com\/MondialMoversNederland\/","https:\/\/x.com\/mondialmovers","https:\/\/www.linkedin.com\/company\/mondial-movers","https:\/\/nl.pinterest.com\/mondialmovers\/","https:\/\/www.youtube.com\/user\/MondialMoversVideo"]}]}},"_links":{"self":[{"href":"https:\/\/emg-movers.com\/de\/wp-json\/wp\/v2\/pages\/61","targetHints":{"allow":["GET"]}}],"collection":[{"href":"https:\/\/emg-movers.com\/de\/wp-json\/wp\/v2\/pages"}],"about":[{"href":"https:\/\/emg-movers.com\/de\/wp-json\/wp\/v2\/types\/page"}],"author":[{"embeddable":true,"href":"https:\/\/emg-movers.com\/de\/wp-json\/wp\/v2\/users\/1"}],"replies":[{"embeddable":true,"href":"https:\/\/emg-movers.com\/de\/wp-json\/wp\/v2\/comments?post=61"}],"version-history":[{"count":3,"href":"https:\/\/emg-movers.com\/de\/wp-json\/wp\/v2\/pages\/61\/revisions"}],"predecessor-version":[{"id":79,"href":"https:\/\/emg-movers.com\/de\/wp-json\/wp\/v2\/pages\/61\/revisions\/79"}],"wp:attachment":[{"href":"https:\/\/emg-movers.com\/de\/wp-json\/wp\/v2\/media?parent=61"}],"curies":[{"name":"wp","href":"https:\/\/api.w.org\/{rel}","templated":true}]}}