{"id":63,"date":"2013-05-29T15:32:13","date_gmt":"2013-05-29T13:32:13","guid":{"rendered":"http:\/\/emg-movers.com\/it\/?page_id=63"},"modified":"2015-12-21T09:38:18","modified_gmt":"2015-12-21T08:38:18","slug":"non-solo-trasloco","status":"publish","type":"page","link":"https:\/\/emg-movers.com\/it\/non-solo-trasloco\/","title":{"rendered":"Non solo trasloco"},"content":{"rendered":"<h2>L\u2019EMG comprende quattro gruppi nazionali:<\/h2>\n<ul>\n<li>Lepanto\u2013 Grupo Lepanto con sede centrale a Barcelona(ES)<\/li>\n<li>CNT \u2013 Consorzio Nazionale Traslocatori con sede centrale a Milano (I)<\/li>\n<li>Les Gentlemen du D\u00e9m\u00e9nagement con sede centrale a Mont\u00e9limar (F)<\/li>\n<li>Mondial Movers con sede centrale ad Alblasserdam (NL)<\/li>\n<\/ul>\n<p>La scelta del giusto partner per il vostro trasloco dipende da voi!<\/p>\n<p>Sceglieteci per:<\/p>\n<ul>\n<li>Traslochi internazionali<\/li>\n<li>Traslochi in altri paesi<\/li>\n<li>Traslochi in Olanda<\/li>\n<li>Traslochi in Italia<\/li>\n<li>Traslochi in Francia<\/li>\n<li>Traslochi in Germania<\/li>\n<\/ul>\n","protected":false},"excerpt":{"rendered":"<p>L\u2019EMG comprende quattro gruppi nazionali: Lepanto\u2013 Grupo Lepanto con sede centrale a Barcelona(ES) CNT \u2013 Consorzio Nazionale Traslocatori con sede centrale a Milano (I) Les Gentlemen du D\u00e9m\u00e9nagement con sede centrale a Mont\u00e9limar (F) Mondial Movers con sede centrale ad Alblasserdam (NL) La scelta del giusto partner per il vostro trasloco dipende da voi! Sceglieteci [&hellip;]<\/p>\n","protected":false},"author":1,"featured_media":0,"parent":0,"menu_order":0,"comment_status":"closed","ping_status":"open","template":"","meta":{"_acf_changed":false,"footnotes":""},"class_list":["post-63","page","type-page","status-publish","hentry"],"acf":[],"yoast_head":"<!-- This site is optimized with the Yoast SEO plugin v24.6 - https:\/\/yoast.com\/wordpress\/plugins\/seo\/ -->\n<title>Non solo trasloco - EMG (Italia)<\/title>\n<meta name=\"description\" content=\"La scelta del giusto partner per il vostro trasloco dipende da voi! Sceglieteci per: Traslochi internazionali Traslochi in altri paesi\" \/>\n<meta name=\"robots\" content=\"index, follow, max-snippet:-1, max-image-preview:large, max-video-preview:-1\" \/>\n<link rel=\"canonical\" href=\"https:\/\/emg-movers.com\/it\/non-solo-trasloco\/\" \/>\n<script type=\"application\/ld+json\" class=\"yoast-schema-graph\">{\"@context\":\"https:\/\/schema.org\",\"@graph\":[{\"@type\":\"WebPage\",\"@id\":\"https:\/\/emg-movers.com\/it\/non-solo-trasloco\/\",\"url\":\"https:\/\/emg-movers.com\/it\/non-solo-trasloco\/\",\"name\":\"Non solo trasloco - EMG (Italia)\",\"isPartOf\":{\"@id\":\"https:\/\/emg-movers.com\/it\/#website\"},\"datePublished\":\"2013-05-29T13:32:13+00:00\",\"dateModified\":\"2015-12-21T08:38:18+00:00\",\"description\":\"La scelta del giusto partner per il vostro trasloco dipende da voi! Sceglieteci per: Traslochi internazionali Traslochi in altri paesi\",\"inLanguage\":\"en-US\",\"potentialAction\":[{\"@type\":\"ReadAction\",\"target\":[\"https:\/\/emg-movers.com\/it\/non-solo-trasloco\/\"]}]},{\"@type\":\"WebSite\",\"@id\":\"https:\/\/emg-movers.com\/it\/#website\",\"url\":\"https:\/\/emg-movers.com\/it\/\",\"name\":\"EMG (Italia)\",\"description\":\"European Moving Group\",\"publisher\":{\"@id\":\"https:\/\/emg-movers.com\/it\/#organization\"},\"potentialAction\":[{\"@type\":\"SearchAction\",\"target\":{\"@type\":\"EntryPoint\",\"urlTemplate\":\"https:\/\/emg-movers.com\/it\/?s={search_term_string}\"},\"query-input\":{\"@type\":\"PropertyValueSpecification\",\"valueRequired\":true,\"valueName\":\"search_term_string\"}}],\"inLanguage\":\"en-US\"},{\"@type\":\"Organization\",\"@id\":\"https:\/\/emg-movers.com\/it\/#organization\",\"name\":\"Mondial Movers International\",\"url\":\"https:\/\/emg-movers.com\/it\/\",\"logo\":{\"@type\":\"ImageObject\",\"inLanguage\":\"en-US\",\"@id\":\"https:\/\/emg-movers.com\/it\/#\/schema\/logo\/image\/\",\"url\":\"http:\/\/emg-movers.com\/it\/wp-content\/uploads\/sites\/3\/2017\/06\/EMGkoptekst140x67.jpg\",\"contentUrl\":\"http:\/\/emg-movers.com\/it\/wp-content\/uploads\/sites\/3\/2017\/06\/EMGkoptekst140x67.jpg\",\"width\":140,\"height\":67,\"caption\":\"Mondial Movers International\"},\"image\":{\"@id\":\"https:\/\/emg-movers.com\/it\/#\/schema\/logo\/image\/\"},\"sameAs\":[\"https:\/\/nl-nl.facebook.com\/MondialMoversNederland\/\",\"https:\/\/x.com\/mondialmovers\",\"https:\/\/www.linkedin.com\/company\/mondial-movers\",\"https:\/\/nl.pinterest.com\/mondialmovers\/\",\"https:\/\/www.youtube.com\/user\/MondialMoversVideo\"]}]}<\/script>\n<!-- \/ Yoast SEO plugin. -->","yoast_head_json":{"title":"Non solo trasloco - EMG (Italia)","description":"La scelta del giusto partner per il vostro trasloco dipende da voi! Sceglieteci per: Traslochi internazionali Traslochi in altri paesi","robots":{"index":"index","follow":"follow","max-snippet":"max-snippet:-1","max-image-preview":"max-image-preview:large","max-video-preview":"max-video-preview:-1"},"canonical":"https:\/\/emg-movers.com\/it\/non-solo-trasloco\/","schema":{"@context":"https:\/\/schema.org","@graph":[{"@type":"WebPage","@id":"https:\/\/emg-movers.com\/it\/non-solo-trasloco\/","url":"https:\/\/emg-movers.com\/it\/non-solo-trasloco\/","name":"Non solo trasloco - EMG (Italia)","isPartOf":{"@id":"https:\/\/emg-movers.com\/it\/#website"},"datePublished":"2013-05-29T13:32:13+00:00","dateModified":"2015-12-21T08:38:18+00:00","description":"La scelta del giusto partner per il vostro trasloco dipende da voi! Sceglieteci per: Traslochi internazionali Traslochi in altri paesi","inLanguage":"en-US","potentialAction":[{"@type":"ReadAction","target":["https:\/\/emg-movers.com\/it\/non-solo-trasloco\/"]}]},{"@type":"WebSite","@id":"https:\/\/emg-movers.com\/it\/#website","url":"https:\/\/emg-movers.com\/it\/","name":"EMG (Italia)","description":"European Moving Group","publisher":{"@id":"https:\/\/emg-movers.com\/it\/#organization"},"potentialAction":[{"@type":"SearchAction","target":{"@type":"EntryPoint","urlTemplate":"https:\/\/emg-movers.com\/it\/?s={search_term_string}"},"query-input":{"@type":"PropertyValueSpecification","valueRequired":true,"valueName":"search_term_string"}}],"inLanguage":"en-US"},{"@type":"Organization","@id":"https:\/\/emg-movers.com\/it\/#organization","name":"Mondial Movers International","url":"https:\/\/emg-movers.com\/it\/","logo":{"@type":"ImageObject","inLanguage":"en-US","@id":"https:\/\/emg-movers.com\/it\/#\/schema\/logo\/image\/","url":"http:\/\/emg-movers.com\/it\/wp-content\/uploads\/sites\/3\/2017\/06\/EMGkoptekst140x67.jpg","contentUrl":"http:\/\/emg-movers.com\/it\/wp-content\/uploads\/sites\/3\/2017\/06\/EMGkoptekst140x67.jpg","width":140,"height":67,"caption":"Mondial Movers International"},"image":{"@id":"https:\/\/emg-movers.com\/it\/#\/schema\/logo\/image\/"},"sameAs":["https:\/\/nl-nl.facebook.com\/MondialMoversNederland\/","https:\/\/x.com\/mondialmovers","https:\/\/www.linkedin.com\/company\/mondial-movers","https:\/\/nl.pinterest.com\/mondialmovers\/","https:\/\/www.youtube.com\/user\/MondialMoversVideo"]}]}},"_links":{"self":[{"href":"https:\/\/emg-movers.com\/it\/wp-json\/wp\/v2\/pages\/63","targetHints":{"allow":["GET"]}}],"collection":[{"href":"https:\/\/emg-movers.com\/it\/wp-json\/wp\/v2\/pages"}],"about":[{"href":"https:\/\/emg-movers.com\/it\/wp-json\/wp\/v2\/types\/page"}],"author":[{"embeddable":true,"href":"https:\/\/emg-movers.com\/it\/wp-json\/wp\/v2\/users\/1"}],"replies":[{"embeddable":true,"href":"https:\/\/emg-movers.com\/it\/wp-json\/wp\/v2\/comments?post=63"}],"version-history":[{"count":12,"href":"https:\/\/emg-movers.com\/it\/wp-json\/wp\/v2\/pages\/63\/revisions"}],"predecessor-version":[{"id":98,"href":"https:\/\/emg-movers.com\/it\/wp-json\/wp\/v2\/pages\/63\/revisions\/98"}],"wp:attachment":[{"href":"https:\/\/emg-movers.com\/it\/wp-json\/wp\/v2\/media?parent=63"}],"curies":[{"name":"wp","href":"https:\/\/api.w.org\/{rel}","templated":true}]}}